{"id":156,"date":"2025-12-06T12:02:25","date_gmt":"2025-12-06T12:02:25","guid":{"rendered":"https:\/\/connecting-across-boundaries.com\/?page_id=156"},"modified":"2026-03-06T09:36:37","modified_gmt":"2026-03-06T09:36:37","slug":"consulting","status":"publish","type":"page","link":"https:\/\/connecting-across-boundaries.com\/de\/consulting\/","title":{"rendered":"Beratung"},"content":{"rendered":"<div data-elementor-type=\"wp-page\" data-elementor-id=\"156\" class=\"elementor elementor-156\">\n\t\t\t\t<div class=\"elementor-element elementor-element-nq7rouc e-flex e-con-boxed e-con e-parent\" data-id=\"nq7rouc\" data-element_type=\"container\" data-settings=\"{&quot;background_background&quot;:&quot;classic&quot;}\">\n\t\t\t\t\t<div class=\"e-con-inner\">\n\t\t<div class=\"elementor-element elementor-element-6c32ff7 e-flex e-con-boxed e-con e-child\" data-id=\"6c32ff7\" data-element_type=\"container\">\n\t\t\t\t\t<div class=\"e-con-inner\">\n\t\t\t\t<div class=\"elementor-element elementor-element-888fcee elementor-widget elementor-widget-heading\" data-id=\"888fcee\" data-element_type=\"widget\" data-widget_type=\"heading.default\">\n\t\t\t\t\t<h1 class=\"elementor-heading-title elementor-size-default\">Organisations-\nBeratung<\/h1>\t\t\t\t<\/div>\n\t\t\t\t\t<\/div>\n\t\t\t\t<\/div>\n\t\t\t\t\t<\/div>\n\t\t\t\t<\/div>\n\t\t<div class=\"elementor-element elementor-element-74bb559 e-flex e-con-boxed e-con e-parent\" data-id=\"74bb559\" data-element_type=\"container\">\n\t\t\t\t\t<div class=\"e-con-inner\">\n\t\t<div class=\"elementor-element elementor-element-2a05109 e-con-full e-flex e-con e-child\" data-id=\"2a05109\" data-element_type=\"container\">\n\t\t\t\t<div class=\"elementor-element elementor-element-35d109e elementor-widget elementor-widget-text-editor\" data-id=\"35d109e\" data-element_type=\"widget\" data-widget_type=\"text-editor.default\">\n\t\t\t\t\t\t\t\t\t<p><b>\"Die Vergangenheit ist ein Ort der Erinnerung, nicht ein Ort des Wohnens;\u00a0<\/b><\/p><p><b>die Vergangenheit ist ein Ort des Lernens, nicht ein Ort des Lebens.\"<\/b><\/p>\t\t\t\t\t\t\t\t<\/div>\n\t\t\t\t<div class=\"elementor-element elementor-element-7d78715 elementor-widget elementor-widget-text-editor\" data-id=\"7d78715\" data-element_type=\"widget\" data-widget_type=\"text-editor.default\">\n\t\t\t\t\t\t\t\t\t<p>Roy T. Bennett<\/p>\t\t\t\t\t\t\t\t<\/div>\n\t\t\t\t<\/div>\n\t\t\t\t\t<\/div>\n\t\t\t\t<\/div>\n\t\t<div class=\"elementor-element elementor-element-c3b0f06 e-flex e-con-boxed e-con e-parent\" data-id=\"c3b0f06\" data-element_type=\"container\" data-settings=\"{&quot;background_background&quot;:&quot;classic&quot;}\">\n\t\t\t\t\t<div class=\"e-con-inner\">\n\t\t<div class=\"elementor-element elementor-element-72318d5 e-con-full e-flex e-con e-child\" data-id=\"72318d5\" data-element_type=\"container\">\n\t\t\t\t<div class=\"elementor-element elementor-element-ec9bc17 elementor-widget elementor-widget-image\" data-id=\"ec9bc17\" data-element_type=\"widget\" data-widget_type=\"image.default\">\n\t\t\t\t\t\t\t\t\t\t\t\t\t\t\t<img decoding=\"async\" width=\"150\" height=\"150\" src=\"https:\/\/connecting-across-boundaries.com\/wp-content\/uploads\/2026\/03\/future-150x150.png\" class=\"attachment-thumbnail size-thumbnail wp-image-1875\" alt=\"\" srcset=\"https:\/\/connecting-across-boundaries.com\/wp-content\/uploads\/2026\/03\/future-150x150.png 150w, https:\/\/connecting-across-boundaries.com\/wp-content\/uploads\/2026\/03\/future-300x300.png 300w, https:\/\/connecting-across-boundaries.com\/wp-content\/uploads\/2026\/03\/future-12x12.png 12w, https:\/\/connecting-across-boundaries.com\/wp-content\/uploads\/2026\/03\/future.png 512w\" sizes=\"(max-width: 150px) 100vw, 150px\" \/>\t\t\t\t\t\t\t\t\t\t\t\t\t\t\t<\/div>\n\t\t\t\t<div class=\"elementor-element elementor-element-ffe1553 elementor-widget elementor-widget-heading\" data-id=\"ffe1553\" data-element_type=\"widget\" data-widget_type=\"heading.default\">\n\t\t\t\t\t<h3 class=\"elementor-heading-title elementor-size-default\">Strategie und transformative Szenarien<\/h3>\t\t\t\t<\/div>\n\t\t\t\t<div class=\"elementor-element elementor-element-6ee2b34 elementor-widget elementor-widget-text-editor\" data-id=\"6ee2b34\" data-element_type=\"widget\" data-widget_type=\"text-editor.default\">\n\t\t\t\t\t\t\t\t\t<p>In einer Welt, die sich in einem beispiellosen Tempo ver\u00e4ndert, ist es verlockend, an dem festzuhalten, was uns Sicherheit gibt. Anstatt uns auf das uns noch Unbekannte einzulassen, sehnen wir uns oft nach Sicherheit und Kontrolle.\u00a0<\/p><p>Stillstand bedeutet aber R\u00fcckschritt. Gerade in Zeiten, in denen sich alles unsicher und zerbrechlich anf\u00fchlt, m\u00fcssen wir akzeptieren, dass wir in die Zukunft gehen - aber auch, dass die Zukunft uns entgegen kommt.\u00a0<\/p><p><b>Ich unterst\u00fctze Netzwerke und Organisationen dabei, \"von innen nach au\u00dfen\" zu denken und durch transformative Strategie- und Szenario-Prozesse strategische Visionen zu entwickeln,<\/b>\u00a0die mutig, innovativ und zukunftsorientiert sind.\u00a0 \u00a0<\/p>\t\t\t\t\t\t\t\t<\/div>\n\t\t\t\t<div class=\"elementor-element elementor-element-57ace83 elementor-widget elementor-widget-text-editor\" data-id=\"57ace83\" data-element_type=\"widget\" data-widget_type=\"text-editor.default\">\n\t\t\t\t\t\t\t\t\t<p><em>\"Denn es gibt immer Licht, wenn wir nur mutig genug sind, es zu sehen, wenn wir nur mutig genug sind, es zu sein.\"<\/em><\/p><p>Amanda Gorman<\/p>\t\t\t\t\t\t\t\t<\/div>\n\t\t\t\t<\/div>\n\t\t<div class=\"elementor-element elementor-element-4e21156 e-con-full e-flex e-con e-child\" data-id=\"4e21156\" data-element_type=\"container\">\n\t\t\t\t<div class=\"elementor-element elementor-element-307600a elementor-widget elementor-widget-image\" data-id=\"307600a\" data-element_type=\"widget\" data-widget_type=\"image.default\">\n\t\t\t\t\t\t\t\t\t\t\t\t\t\t\t<img decoding=\"async\" width=\"150\" height=\"150\" src=\"https:\/\/connecting-across-boundaries.com\/wp-content\/uploads\/2026\/03\/empowerment-150x150.png\" class=\"attachment-thumbnail size-thumbnail wp-image-1876\" alt=\"icon of two cogs and 3 humans with an arrow pointing gradually up to the right above\" srcset=\"https:\/\/connecting-across-boundaries.com\/wp-content\/uploads\/2026\/03\/empowerment-150x150.png 150w, https:\/\/connecting-across-boundaries.com\/wp-content\/uploads\/2026\/03\/empowerment-300x300.png 300w, https:\/\/connecting-across-boundaries.com\/wp-content\/uploads\/2026\/03\/empowerment-12x12.png 12w, https:\/\/connecting-across-boundaries.com\/wp-content\/uploads\/2026\/03\/empowerment.png 512w\" sizes=\"(max-width: 150px) 100vw, 150px\" \/>\t\t\t\t\t\t\t\t\t\t\t\t\t\t\t<\/div>\n\t\t\t\t<div class=\"elementor-element elementor-element-1b8155d elementor-widget elementor-widget-heading\" data-id=\"1b8155d\" data-element_type=\"widget\" data-widget_type=\"heading.default\">\n\t\t\t\t\t<h3 class=\"elementor-heading-title elementor-size-default\">Organisations- und Netzwerkentwicklung<\/h3>\t\t\t\t<\/div>\n\t\t\t\t<div class=\"elementor-element elementor-element-65e3b71 elementor-widget elementor-widget-text-editor\" data-id=\"65e3b71\" data-element_type=\"widget\" data-widget_type=\"text-editor.default\">\n\t\t\t\t\t\t\t\t\t<p>Sozial engagierte Organisationen arbeiten mit Dringlichkeit und Zielstrebigkeit auf konkrete und greifbare Erfolge hin.\u00a0<\/p><p>Um ihre Vision, Mission und Ziele auf nationaler Ebene zu verwirklichen und\/oder einen Beitrag auf globaler Ebene zu leisten, m\u00fcssen sie kontinuierlich daran arbeiten, ihre internen und externen Kapazit\u00e4ten zu st\u00e4rken. Dies ist oft ein langfristiger, dynamischer und komplexer Prozess, der Mut und Selbstreflexion erfordert.<\/p><p><b>Ich unterst\u00fctze, koordiniere und biete Fachwissen f\u00fcr Prozesse zur St\u00e4rkung der Kapazit\u00e4ten an,<\/b> um Teams, Netzwerken und Organisationen dabei zu helfen, auch in Zukunft relevant, widerstandsf\u00e4hig und wirkungsvoll zu sein \u2013 sowohl individuell als auch gemeinsam.\u00a0<\/p>\t\t\t\t\t\t\t\t<\/div>\n\t\t\t\t<div class=\"elementor-element elementor-element-e450fa1 elementor-widget elementor-widget-text-editor\" data-id=\"e450fa1\" data-element_type=\"widget\" data-widget_type=\"text-editor.default\">\n\t\t\t\t\t\t\t\t\t<p style=\"font-variant-ligatures: normal; font-variant-caps: normal; font-family: Roboto, sans-serif; font-size: 14px;\"><em><span style=\"font-family: Roboto, sans-serif; font-size: 18px; font-variant-ligatures: normal; font-variant-caps: normal; font-weight: 400;\">\u201eWenn man den richtigen Weg geht und bereit ist, immer weiterzugehen, wird man irgendwann Fortschritte machen.\u201c<\/span><\/em><\/p><p style=\"font-variant-ligatures: normal; font-variant-caps: normal; font-family: Roboto, sans-serif; font-size: 14px;\"><span style=\"font-family: Roboto, sans-serif; font-size: 18px; font-style: normal; font-variant-ligatures: normal; font-variant-caps: normal; font-weight: 400;\">Barack Obama<\/span><\/p>\t\t\t\t\t\t\t\t<\/div>\n\t\t\t\t<\/div>\n\t\t<div class=\"elementor-element elementor-element-27ed780 e-con-full e-flex e-con e-child\" data-id=\"27ed780\" data-element_type=\"container\">\n\t\t\t\t<div class=\"elementor-element elementor-element-978d7f4 elementor-widget elementor-widget-image\" data-id=\"978d7f4\" data-element_type=\"widget\" data-widget_type=\"image.default\">\n\t\t\t\t\t\t\t\t\t\t\t\t\t\t\t<img decoding=\"async\" width=\"150\" height=\"150\" src=\"https:\/\/connecting-across-boundaries.com\/wp-content\/uploads\/2026\/03\/meeting-room-150x150.png\" class=\"attachment-thumbnail size-thumbnail wp-image-1916\" alt=\"\" srcset=\"https:\/\/connecting-across-boundaries.com\/wp-content\/uploads\/2026\/03\/meeting-room-150x150.png 150w, https:\/\/connecting-across-boundaries.com\/wp-content\/uploads\/2026\/03\/meeting-room-300x300.png 300w, https:\/\/connecting-across-boundaries.com\/wp-content\/uploads\/2026\/03\/meeting-room-12x12.png 12w, https:\/\/connecting-across-boundaries.com\/wp-content\/uploads\/2026\/03\/meeting-room.png 512w\" sizes=\"(max-width: 150px) 100vw, 150px\" \/>\t\t\t\t\t\t\t\t\t\t\t\t\t\t\t<\/div>\n\t\t\t\t<div class=\"elementor-element elementor-element-8e3efa3 elementor-widget elementor-widget-heading\" data-id=\"8e3efa3\" data-element_type=\"widget\" data-widget_type=\"heading.default\">\n\t\t\t\t\t<h3 class=\"elementor-heading-title elementor-size-default\">Arbeit mit Vorst\u00e4nden<\/h3>\t\t\t\t<\/div>\n\t\t\t\t<div class=\"elementor-element elementor-element-755462f elementor-widget elementor-widget-text-editor\" data-id=\"755462f\" data-element_type=\"widget\" data-widget_type=\"text-editor.default\">\n\t\t\t\t\t\t\t\t\t<p>Effektive Vorstandsarbeit hilft Netzwerken und Organisationen dabei, ihrer Mission treu zu bleiben, verantwortungsvoll mit ihren Ressourcen umzugehen und gegen\u00fcber den Gemeinschaften und Interessengruppen, denen sie dienen, Rechenschaft abzulegen.<\/p>\n<p>Vorstandsorgane sorgen f\u00fcr die Einhaltung von Vorschriften, bieten strategische Einblicke und sorgen f\u00fcr Glaubw\u00fcrdigkeit und Legitimit\u00e4t. Oftmals sind jedoch die Grenzen zwischen den Verantwortungsbereichen von Vorstand und Management verschwommen. Dies kann zu Ineffizienzen, Unklarheiten oder sogar Konflikten f\u00fchren.&nbsp;<\/p>\n<p><b>Ich begleite Vorst\u00e4nde und F\u00fchrungsteams bei der Entwicklung von Strukturen, Rahmenbedingungen und Arbeitsweisen,<\/b> <b>die eine effektive Vorstandsarbeit<\/b> und konstruktive Beziehungen zwischen den verschiedenen Komponenten eines Organisationssystems erm\u00f6glichen.<\/p>\t\t\t\t\t\t\t\t<\/div>\n\t\t\t\t<div class=\"elementor-element elementor-element-1111cfd elementor-widget elementor-widget-text-editor\" data-id=\"1111cfd\" data-element_type=\"widget\" data-widget_type=\"text-editor.default\">\n\t\t\t\t\t\t\t\t\t<p style=\"font-variant-ligatures: normal; font-variant-caps: normal; font-family: Roboto, sans-serif; font-size: 14px;\"><span style=\"font-family: Roboto, sans-serif; font-size: 18px; font-style: normal; font-variant-ligatures: normal; font-variant-caps: normal; font-weight: 400;\"><em>\u201eGute Vorstandsarbeit bedeutet nicht, die Organisation zu managen, sondern sicherzustellen, dass sie gut gef\u00fchrt wird und ihrer Mission dient.\u201c<\/em> <\/span><\/p><p style=\"font-variant-ligatures: normal; font-variant-caps: normal; font-family: Roboto, sans-serif; font-size: 14px;\"><span style=\"font-family: Roboto, sans-serif; font-size: 18px; font-style: normal; font-variant-ligatures: normal; font-variant-caps: normal; font-weight: 400;\">Unbekannt<\/span><\/p>\t\t\t\t\t\t\t\t<\/div>\n\t\t\t\t<\/div>\n\t\t\t\t\t<\/div>\n\t\t\t\t<\/div>\n\t\t\t\t<section class=\"elementor-section elementor-top-section elementor-element elementor-element-i2mxsxj elementor-section-boxed elementor-section-height-default elementor-section-height-default\" data-id=\"i2mxsxj\" data-element_type=\"section\" data-settings=\"{&quot;background_background&quot;:&quot;classic&quot;}\">\n\t\t\t\t\t\t<div class=\"elementor-container elementor-column-gap-no\">\n\t\t\t\t\t<div class=\"elementor-column elementor-col-100 elementor-top-column elementor-element elementor-element-1126c82\" data-id=\"1126c82\" data-element_type=\"column\">\n\t\t\t<div class=\"elementor-widget-wrap elementor-element-populated\">\n\t\t\t\t\t\t<div class=\"elementor-element elementor-element-39c7294 elementor-widget elementor-widget-heading\" data-id=\"39c7294\" data-element_type=\"widget\" data-widget_type=\"heading.default\">\n\t\t\t\t\t<h2 class=\"elementor-heading-title elementor-size-default\">Partner und Kunden<\/h2>\t\t\t\t<\/div>\n\t\t\t\t<div class=\"elementor-element elementor-element-d6c67bf elementor-widget__width-initial elementor-widget-tablet__width-initial elementor-widget-mobile__width-inherit elementor-widget elementor-widget-testimonial\" data-id=\"d6c67bf\" data-element_type=\"widget\" data-widget_type=\"testimonial.default\">\n\t\t\t\t\t\t\t<div class=\"elementor-testimonial-wrapper\">\n\t\t\t\t\t\t\t<div class=\"elementor-testimonial-content\"><b>Greenpeace Nordic (2025)<\/b><br><b>Organisational Structure Review<\/b><br>\n\n\n\n\u00dcberpr\u00fcfung der Organisationsstruktur und Arbeitsweise eines regionalen Verbundes innerhalb einer globalen Nichtregierungsorganisation, um zu untersuchen, wie Effizienz und Effektivit\u00e4t bei der Umsetzung einer 3-Jahres-Strategie (2025-2027) weiter gest\u00e4rkt werden k\u00f6nnen.<\/div>\n\t\t\t\n\t\t\t\t\t<\/div>\n\t\t\t\t\t\t<\/div>\n\t\t\t\t<div class=\"elementor-element elementor-element-4850a22 elementor-widget__width-initial elementor-widget-tablet__width-initial elementor-widget-mobile__width-inherit elementor-widget elementor-widget-testimonial\" data-id=\"4850a22\" data-element_type=\"widget\" data-widget_type=\"testimonial.default\">\n\t\t\t\t\t\t\t<div class=\"elementor-testimonial-wrapper\">\n\t\t\t\t\t\t\t<div class=\"elementor-testimonial-content\"><span style=\"font-family: Roboto, sans-serif;font-size: 18px;font-style: normal;font-weight: 700\">Greenpeace European Collaboration (2025)<\/span><br><span style=\"font-family: Roboto, sans-serif;font-size: 18px;font-style: normal\"><b>Governance Review<\/b><\/span><br>\nBewertung der Wirksamkeit der Zusammenarbeit (Strukturen, Prozesse und Arbeitsweisen) zwischen Vorstand und Management auf regionalem Niveau und der Beziehung zu anderen Schl\u00fcsselkomponenten der regionalen\/ globalen Organisationsstruktur (Klarheit der Mandate + Rollen, Transparenz, Kommunikation, Zusammenarbeit usw.)<\/div>\n\t\t\t\n\t\t\t\t\t<\/div>\n\t\t\t\t\t\t<\/div>\n\t\t\t\t<div class=\"elementor-element elementor-element-4e80ecd elementor-widget__width-initial elementor-widget-tablet__width-initial elementor-widget-mobile__width-inherit elementor-widget elementor-widget-testimonial\" data-id=\"4e80ecd\" data-element_type=\"widget\" data-widget_type=\"testimonial.default\">\n\t\t\t\t\t\t\t<div class=\"elementor-testimonial-wrapper\">\n\t\t\t\t\t\t\t<div class=\"elementor-testimonial-content\"><b>Hivos (2024\/25)<\/b><br><b>Strategy and Organisational Review<\/b><br>\n\u00dcberpr\u00fcfung der globalen Strategie und des Organisations-\/ Gesch\u00e4ftsmodells einer in Europa ans\u00e4ssigen internationalen NRO mit dem Ziel, globale Machtdifferenzen auszugleichen und sich aktiver f\u00fcr (lokale bis globale) Bewegungen zu engagieren.<\/div>\n\t\t\t\n\t\t\t\t\t<\/div>\n\t\t\t\t\t\t<\/div>\n\t\t\t\t<div class=\"elementor-element elementor-element-cdb5372 elementor-widget__width-initial elementor-widget-tablet__width-initial elementor-widget-mobile__width-inherit elementor-widget elementor-widget-testimonial\" data-id=\"cdb5372\" data-element_type=\"widget\" data-widget_type=\"testimonial.default\">\n\t\t\t\t\t\t\t<div class=\"elementor-testimonial-wrapper\">\n\t\t\t\t\t\t\t<div class=\"elementor-testimonial-content\"><b>Internationale Nichtregierungsorganisation (2024\/25)<\/b><br><b>Organisational Model Review<\/b>\n<br>Pr\u00fcfung alternativer Hosting-Vereinbarungen und\/ oder einer unabh\u00e4ngigen Registrierung einer in den USA ans\u00e4ssigen internationalen Nichtregierungsorganisation (mit Aktivit\u00e4ten in den USA und Afrika).\u202f<\/div>\n\t\t\t\n\t\t\t\t\t<\/div>\n\t\t\t\t\t\t<\/div>\n\t\t\t\t<div class=\"elementor-element elementor-element-fb24386 elementor-widget__width-initial elementor-widget-tablet__width-initial elementor-widget-mobile__width-inherit elementor-widget elementor-widget-testimonial\" data-id=\"fb24386\" data-element_type=\"widget\" data-widget_type=\"testimonial.default\">\n\t\t\t\t\t\t\t<div class=\"elementor-testimonial-wrapper\">\n\t\t\t\t\t\t\t<div class=\"elementor-testimonial-content\"><b>SOS Kinderd\u00f6rfer (2024)<\/b><br><b>Strategy Review<\/b>\n<br>Aktualisierung der Strategie von SOS Kinderd\u00f6rfern durch Ko-Moderation und Prozessunterst\u00fctzung f\u00fcr eine diverse, regionen\u00fcbergreifende Arbeitsgruppe (unter der Leitung von Mitarbeitern aus dem Globalen S\u00fcden) mit Schwerpunkt auf strategische Zielsetzung.<\/div>\n\t\t\t\n\t\t\t\t\t<\/div>\n\t\t\t\t\t\t<\/div>\n\t\t\t\t<div class=\"elementor-element elementor-element-e77b4fe elementor-widget__width-initial elementor-widget-tablet__width-initial elementor-widget-mobile__width-inherit elementor-widget elementor-widget-testimonial\" data-id=\"e77b4fe\" data-element_type=\"widget\" data-widget_type=\"testimonial.default\">\n\t\t\t\t\t\t\t<div class=\"elementor-testimonial-wrapper\">\n\t\t\t\t\t\t\t<div class=\"elementor-testimonial-content\"><b>Equality Now (2024)<\/b><br><b>Review of Internal Ways of Working<\/b><br>\n\n\u00dcberpr\u00fcfung der Organisationssysteme, Strukturen und Arbeitsweisen in einer weltweit t\u00e4tigen Organisation f\u00fcr Geschlechtergerechtigkeit nach einem Jahrzehnt raschen Wachstums, um Arbeitsbelastung zu reduzieren und die Organisationskultur zu st\u00e4rken.<\/div>\n\t\t\t\n\t\t\t\t\t<\/div>\n\t\t\t\t\t\t<\/div>\n\t\t\t\t<div class=\"elementor-element elementor-element-401a328 elementor-widget__width-initial elementor-widget-tablet__width-initial elementor-widget-mobile__width-inherit elementor-widget elementor-widget-testimonial\" data-id=\"401a328\" data-element_type=\"widget\" data-widget_type=\"testimonial.default\">\n\t\t\t\t\t\t\t<div class=\"elementor-testimonial-wrapper\">\n\t\t\t\t\t\t\t<div class=\"elementor-testimonial-content\"><b>Light for the World International (2024)<\/b><br><b>Scenario Planning<\/b><br>\n\nEntwicklung und Ko-Moderation einer zukunftsorientierten Szenario-Woche mit Mitarbeitern aus verschiedenen Regionen und Abteilungen sowie Umsetzung der entstehenden Strategie in konkrete kurzfristige Ma\u00dfnahmen.\u202f<\/div>\n\t\t\t\n\t\t\t\t\t<\/div>\n\t\t\t\t\t\t<\/div>\n\t\t\t\t<div class=\"elementor-element elementor-element-d7842f9 elementor-widget__width-initial elementor-widget-tablet__width-initial elementor-widget-mobile__width-inherit elementor-widget elementor-widget-testimonial\" data-id=\"d7842f9\" data-element_type=\"widget\" data-widget_type=\"testimonial.default\">\n\t\t\t\t\t\t\t<div class=\"elementor-testimonial-wrapper\">\n\t\t\t\t\t\t\t<div class=\"elementor-testimonial-content\"><b>Internationale Nichtregierungsorganisation (2023\/24)\n<br>Organisational ethics and conflict management <\/b>\n\n<br>Beratung bei der Umsetzung eines organisatorischen Ethikkodexes, Entwicklung eines (von Beispielen aus anderen Organisationen inspirierten) Men\u00fcs von Konfliktl\u00f6sungsmechanismen und zugeh\u00f6riger Leitlinien (z. B. zu Mobbing und Machtmissbrauch) sowie Konzeption\/ Durchf\u00fchrung einer organisationsweiten Mitarbeiterschulung zum Thema \u201eUmgang mit schwierigen Situationen\u201c.<\/div>\n\t\t\t\n\t\t\t\t\t<\/div>\n\t\t\t\t\t\t<\/div>\n\t\t\t\t\t<\/div>\n\t\t<\/div>\n\t\t\t\t\t<\/div>\n\t\t<\/section>\n\t\t<div class=\"elementor-element elementor-element-9237487 e-flex e-con-boxed e-con e-parent\" data-id=\"9237487\" data-element_type=\"container\">\n\t\t\t\t\t<div class=\"e-con-inner\">\n\t\t\t\t<div class=\"elementor-element elementor-element-e533eec elementor-align-center elementor-widget elementor-widget-button\" data-id=\"e533eec\" data-element_type=\"widget\" data-widget_type=\"button.default\">\n\t\t\t\t\t\t\t\t\t\t<a class=\"elementor-button elementor-button-link elementor-size-sm elementor-animation-grow\" href=\"https:\/\/connecting-across-boundaries.com\/de\/contact\/\">\n\t\t\t\t\t\t<span class=\"elementor-button-content-wrapper\">\n\t\t\t\t\t\t\t\t\t<span class=\"elementor-button-text\">Kontakt<\/span>\n\t\t\t\t\t<\/span>\n\t\t\t\t\t<\/a>\n\t\t\t\t\t\t\t\t<\/div>\n\t\t\t\t\t<\/div>\n\t\t\t\t<\/div>\n\t\t\t\t<\/div>","protected":false},"excerpt":{"rendered":"<p>consulting &#8220;The past is a place of reference, not a place of residence;\u00a0 the past is a place of learning, not a place of living.&#8221; Roy T. Bennett Strategy &amp; Transformative Scenarios In a world that is changing at what feels like unprecedented pace, it is tempting to stick to what makes us feel safe. [&hellip;]<\/p>","protected":false},"author":1,"featured_media":0,"parent":0,"menu_order":0,"comment_status":"closed","ping_status":"closed","template":"","meta":{"om_disable_all_campaigns":false,"_uag_custom_page_level_css":"","_monsterinsights_skip_tracking":false,"_monsterinsights_sitenote_active":false,"_monsterinsights_sitenote_note":"","_monsterinsights_sitenote_category":0,"ocean_post_layout":"full-screen","ocean_both_sidebars_style":"","ocean_both_sidebars_content_width":0,"ocean_both_sidebars_sidebars_width":0,"ocean_sidebar":"","ocean_second_sidebar":"","ocean_disable_margins":"enable","ocean_add_body_class":"","ocean_shortcode_before_top_bar":"","ocean_shortcode_after_top_bar":"","ocean_shortcode_before_header":"","ocean_shortcode_after_header":"","ocean_has_shortcode":"","ocean_shortcode_after_title":"","ocean_shortcode_before_footer_widgets":"","ocean_shortcode_after_footer_widgets":"","ocean_shortcode_before_footer_bottom":"","ocean_shortcode_after_footer_bottom":"","ocean_display_top_bar":"off","ocean_display_header":"default","ocean_header_style":"","ocean_center_header_left_menu":"","ocean_custom_header_template":"","ocean_custom_logo":0,"ocean_custom_retina_logo":0,"ocean_custom_logo_max_width":0,"ocean_custom_logo_tablet_max_width":0,"ocean_custom_logo_mobile_max_width":0,"ocean_custom_logo_max_height":0,"ocean_custom_logo_tablet_max_height":0,"ocean_custom_logo_mobile_max_height":0,"ocean_header_custom_menu":"","ocean_menu_typo_font_family":"","ocean_menu_typo_font_subset":"","ocean_menu_typo_font_size":0,"ocean_menu_typo_font_size_tablet":0,"ocean_menu_typo_font_size_mobile":0,"ocean_menu_typo_font_size_unit":"px","ocean_menu_typo_font_weight":"","ocean_menu_typo_font_weight_tablet":"","ocean_menu_typo_font_weight_mobile":"","ocean_menu_typo_transform":"","ocean_menu_typo_transform_tablet":"","ocean_menu_typo_transform_mobile":"","ocean_menu_typo_line_height":0,"ocean_menu_typo_line_height_tablet":0,"ocean_menu_typo_line_height_mobile":0,"ocean_menu_typo_line_height_unit":"","ocean_menu_typo_spacing":0,"ocean_menu_typo_spacing_tablet":0,"ocean_menu_typo_spacing_mobile":0,"ocean_menu_typo_spacing_unit":"","ocean_menu_link_color":"","ocean_menu_link_color_hover":"","ocean_menu_link_color_active":"","ocean_menu_link_background":"","ocean_menu_link_hover_background":"","ocean_menu_link_active_background":"","ocean_menu_social_links_bg":"","ocean_menu_social_hover_links_bg":"","ocean_menu_social_links_color":"","ocean_menu_social_hover_links_color":"","ocean_disable_title":"on","ocean_disable_heading":"default","ocean_post_title":"","ocean_post_subheading":"","ocean_post_title_style":"","ocean_post_title_background_color":"","ocean_post_title_background":0,"ocean_post_title_bg_image_position":"","ocean_post_title_bg_image_attachment":"","ocean_post_title_bg_image_repeat":"","ocean_post_title_bg_image_size":"","ocean_post_title_height":0,"ocean_post_title_bg_overlay":0.5,"ocean_post_title_bg_overlay_color":"","ocean_disable_breadcrumbs":"default","ocean_breadcrumbs_color":"","ocean_breadcrumbs_separator_color":"","ocean_breadcrumbs_links_color":"","ocean_breadcrumbs_links_hover_color":"","ocean_display_footer_widgets":"off","ocean_display_footer_bottom":"off","ocean_custom_footer_template":"","footnotes":""},"class_list":["post-156","page","type-page","status-publish","hentry","entry"],"aioseo_notices":[],"_hostinger_reach_plugin_has_subscription_block":false,"_hostinger_reach_plugin_is_elementor":false,"uagb_featured_image_src":{"full":false,"thumbnail":false,"medium":false,"medium_large":false,"large":false,"1536x1536":false,"2048x2048":false,"trp-custom-language-flag":false,"ocean-thumb-m":false,"ocean-thumb-ml":false,"ocean-thumb-l":false},"uagb_author_info":{"display_name":"doris.basler@outlook.com","author_link":"https:\/\/connecting-across-boundaries.com\/de\/author\/doris-basleroutlook-com\/"},"uagb_comment_info":0,"uagb_excerpt":"consulting &#8220;The past is a place of reference, not a place of residence;\u00a0 the past is a place of learning, not a place of living.&#8221; Roy T. Bennett Strategy &amp; Transformative Scenarios In a world that is changing at what feels like unprecedented pace, it is tempting to stick to what makes us feel safe.&hellip;","_links":{"self":[{"href":"https:\/\/connecting-across-boundaries.com\/de\/wp-json\/wp\/v2\/pages\/156","targetHints":{"allow":["GET"]}}],"collection":[{"href":"https:\/\/connecting-across-boundaries.com\/de\/wp-json\/wp\/v2\/pages"}],"about":[{"href":"https:\/\/connecting-across-boundaries.com\/de\/wp-json\/wp\/v2\/types\/page"}],"author":[{"embeddable":true,"href":"https:\/\/connecting-across-boundaries.com\/de\/wp-json\/wp\/v2\/users\/1"}],"replies":[{"embeddable":true,"href":"https:\/\/connecting-across-boundaries.com\/de\/wp-json\/wp\/v2\/comments?post=156"}],"version-history":[{"count":211,"href":"https:\/\/connecting-across-boundaries.com\/de\/wp-json\/wp\/v2\/pages\/156\/revisions"}],"predecessor-version":[{"id":1942,"href":"https:\/\/connecting-across-boundaries.com\/de\/wp-json\/wp\/v2\/pages\/156\/revisions\/1942"}],"wp:attachment":[{"href":"https:\/\/connecting-across-boundaries.com\/de\/wp-json\/wp\/v2\/media?parent=156"}],"curies":[{"name":"wp","href":"https:\/\/api.w.org\/{rel}","templated":true}]}}