{"id":279,"date":"2025-12-06T16:44:33","date_gmt":"2025-12-06T16:44:33","guid":{"rendered":"https:\/\/connecting-across-boundaries.com\/?page_id=279"},"modified":"2026-03-01T11:38:49","modified_gmt":"2026-03-01T11:38:49","slug":"impressum","status":"publish","type":"page","link":"https:\/\/connecting-across-boundaries.com\/de\/impressum\/","title":{"rendered":"Impressum"},"content":{"rendered":"<div data-elementor-type=\"wp-page\" data-elementor-id=\"279\" class=\"elementor elementor-279\">\n\t\t\t\t<div class=\"elementor-element elementor-element-5de4f38 e-flex e-con-boxed e-con e-parent\" data-id=\"5de4f38\" data-element_type=\"container\">\n\t\t\t\t\t<div class=\"e-con-inner\">\n\t\t\t\t<div class=\"elementor-element elementor-element-e4c70fa elementor-widget elementor-widget-heading\" data-id=\"e4c70fa\" data-element_type=\"widget\" data-widget_type=\"heading.default\">\n\t\t\t\t\t<h2 class=\"elementor-heading-title elementor-size-default\">Impressum<\/h2>\t\t\t\t<\/div>\n\t\t\t\t<div class=\"elementor-element elementor-element-319ad4a elementor-widget elementor-widget-text-editor\" data-id=\"319ad4a\" data-element_type=\"widget\" data-widget_type=\"text-editor.default\">\n\t\t\t\t\t\t\t\t\t<p><strong>Angaben gem\u00e4\u00df \u00a7 5 TMG<\/strong><br \/>Doris B\u00e4sler | B\u00f6tzowstr. 21 | 10407 Berlin, Deutschland\u00a0<\/p><p><strong>Kontakt<\/strong><br \/>Telefon: +49 (0)151 \/\/ 27590285<br \/>E-Mail: doris.basler (at) outlook.com<\/p><p><strong>Online-Streitbeilegung nach Art. 14 Abs. 2 ODR-VO<\/strong><br \/>Die Europ\u00e4ische Kommission stellt eine Plattform zur Online-Streitbeilegung (OS) bereit: https:\/\/ec.europa.eu\/consumers\/odr\/. Verbraucher haben die M\u00f6glichkeit, diese Plattform f\u00fcr die Streitbeilegung zu nutzen. Meine E-Mail-Adresse finden Sie oben im Impressum.<\/p><p><strong>Informationen nach dem Verbraucherstreitbeilegungsgesetz<\/strong><br \/>Doris B\u00e4sler erkl\u00e4rt sich bei rechtlichen Konflikten mit Verbrauchern (\u00a7 13 BGB) bereit, an Verbraucher-Schlichtungsverfahren nach dem Verbraucherstreitbeilegungsgesetz teilzunehmen, sofern eine Mediation nicht erw\u00fcnscht ist. Die zust\u00e4ndige Verbraucher-Schlichtungsstelle ist die Allgemeine Verbraucher-Schlichtungsstelle des Zentrums f\u00fcr Schlichtung e.V. | Stra\u00dfburger Stra\u00dfe 8 | 77694 Kehl am Rhein | Telefon 07851 \/ 795 79 40 | Fax 07851 \/ 795 79 41 | E-Mail: mail@verbraucher-schlichter.de | www.verbraucher-schlichter.de<\/p><p><strong>Haftungsausschluss<\/strong><br \/>Diese Webseite kann Verlinkungen zu anderen Accounts oder Webseiten (\u201eexterne Links\u201c) enthalten. Diese Accounts\/ Webseiten unterliegen der Haftung der jeweiligen Betreiber. Bei Verkn\u00fcpfung der externen Links waren keine Rechtsverst\u00f6\u00dfe ersichtlich. Auf die aktuelle und k\u00fcnftige Gestaltung der verlinkten Accounts\/ Seiten hat die Anbieterin keinen Einfluss. Die permanente \u00dcberpr\u00fcfung der externen Links ist f\u00fcr die Anbieterin ohne konkrete Hinweise auf Rechtsverst\u00f6\u00dfe nicht zumutbar. Bei Bekanntwerden von Rechtsverst\u00f6\u00dfen werden die betroffenen externen Links unverz\u00fcglich gel\u00f6scht.<\/p><p><strong>Urheberrecht<\/strong><br \/>Die auf dieser Webseite durch die Anbieterin ver\u00f6ffentlichten Inhalte unterliegen dem deutschen Urheberrecht und Leistungsschutzrecht. Alle vom deutschen Urheber- und Leistungsschutzrecht nicht zugelassene Verwertung bedarf der vorherigen schriftlichen Zustimmung der Anbieterin. Dies gilt vor allem f\u00fcr Vervielf\u00e4ltigung, Bearbeitung, \u00dcbersetzung, Einspeicherung, Verarbeitung bzw. Wiedergabe von Inhalten in Datenbanken oder anderen elektronischen Medien und Systemen. Das unerlaubte Kopieren von Inhalten oder der gesamten Webseite ist nicht gestattet und strafbar. Lediglich die Herstellung von Kopien und Downloads f\u00fcr den pers\u00f6nlichen, privaten und nicht kommerziellen Gebrauch ist erlaubt. Soweit die Inhalte auf dieser Webseite nicht von der Anbieterin erstellt wurden, werden die Urheberrechte Dritter beachtet. Insbesondere werden Inhalte Dritter als solche gekennzeichnet. Sollten Sie trotzdem auf eine Urheberrechtsverletzung aufmerksam werden, bitten wir um einen entsprechenden Hinweis. Bei Bekanntwerden von Rechtsverletzungen werden derartige Inhalte umgehend entfernt.\u00a0<\/p><p>Symbole stammen zum Teil von der Seite https:\/\/www.flaticon.com, gem\u00e4\u00df den folgenden spezifischen Quellenangaben:\u00a0<\/p><p><span style=\"text-decoration: underline;\">Seite 'Organisationsberatung':<\/span>:\u00a0<\/p><ul><li>strategy &amp; transformative scenarios:&nbsp; &lt;a href=&quot;\/de\/&rdquo;https:\/\/www.flaticon.com\/free-icons\/future&rdquo;\/&quot; title=&quot;&rdquo;Future&quot; icons&rdquo;&gt;Future icons created by Parzival&rsquo; 1997 &ndash; Flaticon&lt;\/a&gt;<\/li><li>organisational and network strengthening:&nbsp; &lt;a href=&quot;\/de\/&rdquo;https:\/\/www.flaticon.com\/free-icons\/capacity&rdquo;\/&quot; title=&quot;&rdquo;capacity&quot; icons&rdquo;&gt;Capacity icons created by Iconjam &ndash; Flaticon&lt;\/a&gt;<\/li><li>governance &amp; board engagement:&nbsp; &lt;a href=&quot;\/de\/&rdquo;https:\/\/www.flaticon.com\/free-icons\/meeting-room&rdquo;\/&quot; title=&quot;&rdquo;meeting&quot; room icons&rdquo;&gt;Meeting room icons created by HAJICON &ndash; Flaticon&lt;\/a&gt;<\/li><\/ul><p><span style=\"text-decoration: underline;\">Seite Mediation:<\/span>:\u00a0<\/p><ul><li>setting the scene:&nbsp; &lt;a href=&quot;\/de\/&rdquo;https:\/\/www.flaticon.com\/free-icons\/meeting&rdquo;\/&quot; title=&quot;&rdquo;meeting&quot; icons&rdquo;&gt;Meeting icons created by Maxim Basinski Premium &ndash; Flaticon&lt;\/a&gt;<\/li><li><span style=\"font-size: 18px;\">Konfliktdarstellung\u00a0 <\/span>&lt;a href=&quot;\/de\/&rdquo;https:\/\/www.flaticon.com\/free-icons\/search&rdquo;\/&quot; title=&quot;&rdquo;search&quot; icons&rdquo;&gt;Search icons created by mavadee &ndash; Flaticon&lt;\/a&gt;<\/li><li><span style=\"font-size: 18px;\">Konfliktl\u00f6sung\u00a0 <\/span>&lt;a href=&quot;\/de\/&rdquo;https:\/\/www.flaticon.com\/free-icons\/idea&rdquo;\/&quot; title=&quot;&rdquo;idea&quot; icons&rdquo;&gt;Idea icons created by Good Ware &ndash; Flaticon&lt;\/a&gt;<\/li><li><span style=\"font-size: 18px;\">Abschluss<span style=\"text-decoration: underline;\">g<\/span>:\u00a0 <\/span>&lt;a href=&quot;\/de\/&rdquo;https:\/\/www.flaticon.com\/free-icons\/contract&rdquo;\/&quot; title=&quot;&rdquo;contract&quot; icons&rdquo;&gt;Contract icons created by Freepik &ndash; Flaticon&lt;\/a&gt;<\/li><\/ul><p>Das Urheberrecht an anderen Inhalten (Texte, Bilder etc.) der Webseite liegt bei Doris B\u00e4sler.<\/p><div><span style=\"font-size: 16px;\"><strong>Letzte Aktualisierung:<\/strong>\u00a0M\u00e4rz 2026<br \/><strong>Umsetzung:<\/strong> Doris B\u00e4sler<\/span><\/div>\t\t\t\t\t\t\t\t<\/div>\n\t\t\t\t\t<\/div>\n\t\t\t\t<\/div>\n\t\t\t\t<\/div>","protected":false},"excerpt":{"rendered":"<p>Legal Notice Information pursuant to Section 5 TMG (German Telemedia Act)Doris B\u00e4sler | B\u00f6tzowstr. 21 | 10407 Berlin, Germany\u00a0 ContactPhone: +49 (0)151 \/\/ 27590285Email: doris.basler (at) outlook.com Online dispute resolution pursuant to Article 14(2) ODR RegulationThe European Commission provides a platform for online dispute resolution (ODR): https:\/\/ec.europa.eu\/consumers\/odr\/. Consumers have the option of using this platform [&hellip;]<\/p>","protected":false},"author":1,"featured_media":0,"parent":0,"menu_order":0,"comment_status":"closed","ping_status":"closed","template":"","meta":{"om_disable_all_campaigns":false,"_uag_custom_page_level_css":"","_monsterinsights_skip_tracking":false,"_monsterinsights_sitenote_active":false,"_monsterinsights_sitenote_note":"","_monsterinsights_sitenote_category":0,"ocean_post_layout":"full-screen","ocean_both_sidebars_style":"","ocean_both_sidebars_content_width":0,"ocean_both_sidebars_sidebars_width":0,"ocean_sidebar":"","ocean_second_sidebar":"","ocean_disable_margins":"enable","ocean_add_body_class":"","ocean_shortcode_before_top_bar":"","ocean_shortcode_after_top_bar":"","ocean_shortcode_before_header":"","ocean_shortcode_after_header":"","ocean_has_shortcode":"","ocean_shortcode_after_title":"","ocean_shortcode_before_footer_widgets":"","ocean_shortcode_after_footer_widgets":"","ocean_shortcode_before_footer_bottom":"","ocean_shortcode_after_footer_bottom":"","ocean_display_top_bar":"off","ocean_display_header":"default","ocean_header_style":"","ocean_center_header_left_menu":"","ocean_custom_header_template":"","ocean_custom_logo":0,"ocean_custom_retina_logo":0,"ocean_custom_logo_max_width":0,"ocean_custom_logo_tablet_max_width":0,"ocean_custom_logo_mobile_max_width":0,"ocean_custom_logo_max_height":0,"ocean_custom_logo_tablet_max_height":0,"ocean_custom_logo_mobile_max_height":0,"ocean_header_custom_menu":"","ocean_menu_typo_font_family":"","ocean_menu_typo_font_subset":"","ocean_menu_typo_font_size":0,"ocean_menu_typo_font_size_tablet":0,"ocean_menu_typo_font_size_mobile":0,"ocean_menu_typo_font_size_unit":"px","ocean_menu_typo_font_weight":"","ocean_menu_typo_font_weight_tablet":"","ocean_menu_typo_font_weight_mobile":"","ocean_menu_typo_transform":"","ocean_menu_typo_transform_tablet":"","ocean_menu_typo_transform_mobile":"","ocean_menu_typo_line_height":0,"ocean_menu_typo_line_height_tablet":0,"ocean_menu_typo_line_height_mobile":0,"ocean_menu_typo_line_height_unit":"","ocean_menu_typo_spacing":0,"ocean_menu_typo_spacing_tablet":0,"ocean_menu_typo_spacing_mobile":0,"ocean_menu_typo_spacing_unit":"","ocean_menu_link_color":"","ocean_menu_link_color_hover":"","ocean_menu_link_color_active":"","ocean_menu_link_background":"","ocean_menu_link_hover_background":"","ocean_menu_link_active_background":"","ocean_menu_social_links_bg":"","ocean_menu_social_hover_links_bg":"","ocean_menu_social_links_color":"","ocean_menu_social_hover_links_color":"","ocean_disable_title":"on","ocean_disable_heading":"default","ocean_post_title":"","ocean_post_subheading":"","ocean_post_title_style":"","ocean_post_title_background_color":"","ocean_post_title_background":0,"ocean_post_title_bg_image_position":"","ocean_post_title_bg_image_attachment":"","ocean_post_title_bg_image_repeat":"","ocean_post_title_bg_image_size":"","ocean_post_title_height":0,"ocean_post_title_bg_overlay":0.5,"ocean_post_title_bg_overlay_color":"","ocean_disable_breadcrumbs":"default","ocean_breadcrumbs_color":"","ocean_breadcrumbs_separator_color":"","ocean_breadcrumbs_links_color":"","ocean_breadcrumbs_links_hover_color":"","ocean_display_footer_widgets":"off","ocean_display_footer_bottom":"off","ocean_custom_footer_template":"","footnotes":""},"class_list":["post-279","page","type-page","status-publish","hentry","entry"],"aioseo_notices":[],"_hostinger_reach_plugin_has_subscription_block":false,"_hostinger_reach_plugin_is_elementor":false,"uagb_featured_image_src":{"full":false,"thumbnail":false,"medium":false,"medium_large":false,"large":false,"1536x1536":false,"2048x2048":false,"trp-custom-language-flag":false,"ocean-thumb-m":false,"ocean-thumb-ml":false,"ocean-thumb-l":false},"uagb_author_info":{"display_name":"doris.basler@outlook.com","author_link":"https:\/\/connecting-across-boundaries.com\/de\/author\/doris-basleroutlook-com\/"},"uagb_comment_info":0,"uagb_excerpt":"Legal Notice Information pursuant to Section 5 TMG (German Telemedia Act)Doris B\u00e4sler | B\u00f6tzowstr. 21 | 10407 Berlin, Germany\u00a0 ContactPhone: +49 (0)151 \/\/ 27590285Email: doris.basler (at) outlook.com Online dispute resolution pursuant to Article 14(2) ODR RegulationThe European Commission provides a platform for online dispute resolution (ODR): https:\/\/ec.europa.eu\/consumers\/odr\/. Consumers have the option of using this platform&hellip;","_links":{"self":[{"href":"https:\/\/connecting-across-boundaries.com\/de\/wp-json\/wp\/v2\/pages\/279","targetHints":{"allow":["GET"]}}],"collection":[{"href":"https:\/\/connecting-across-boundaries.com\/de\/wp-json\/wp\/v2\/pages"}],"about":[{"href":"https:\/\/connecting-across-boundaries.com\/de\/wp-json\/wp\/v2\/types\/page"}],"author":[{"embeddable":true,"href":"https:\/\/connecting-across-boundaries.com\/de\/wp-json\/wp\/v2\/users\/1"}],"replies":[{"embeddable":true,"href":"https:\/\/connecting-across-boundaries.com\/de\/wp-json\/wp\/v2\/comments?post=279"}],"version-history":[{"count":50,"href":"https:\/\/connecting-across-boundaries.com\/de\/wp-json\/wp\/v2\/pages\/279\/revisions"}],"predecessor-version":[{"id":1934,"href":"https:\/\/connecting-across-boundaries.com\/de\/wp-json\/wp\/v2\/pages\/279\/revisions\/1934"}],"wp:attachment":[{"href":"https:\/\/connecting-across-boundaries.com\/de\/wp-json\/wp\/v2\/media?parent=279"}],"curies":[{"name":"wp","href":"https:\/\/api.w.org\/{rel}","templated":true}]}}