{"id":289,"date":"2025-12-06T17:00:03","date_gmt":"2025-12-06T17:00:03","guid":{"rendered":"https:\/\/connecting-across-boundaries.com\/?page_id=289"},"modified":"2026-01-05T12:32:32","modified_gmt":"2026-01-05T12:32:32","slug":"data-protection","status":"publish","type":"page","link":"https:\/\/connecting-across-boundaries.com\/de\/data-protection\/","title":{"rendered":"Datenschutz"},"content":{"rendered":"<div data-elementor-type=\"wp-page\" data-elementor-id=\"289\" class=\"elementor elementor-289\">\n\t\t\t\t<div class=\"elementor-element elementor-element-a36d00a e-flex e-con-boxed e-con e-parent\" data-id=\"a36d00a\" data-element_type=\"container\">\n\t\t\t\t\t<div class=\"e-con-inner\">\n\t\t\t\t<div class=\"elementor-element elementor-element-63ffab7 elementor-widget elementor-widget-heading\" data-id=\"63ffab7\" data-element_type=\"widget\" data-widget_type=\"heading.default\">\n\t\t\t\t\t<h2 class=\"elementor-heading-title elementor-size-default\">Datenschutzerkl\u00e4rung<\/h2>\t\t\t\t<\/div>\n\t\t\t\t<div class=\"elementor-element elementor-element-417bf08 elementor-widget elementor-widget-text-editor\" data-id=\"417bf08\" data-element_type=\"widget\" data-widget_type=\"text-editor.default\">\n\t\t\t\t\t\t\t\t\t<p>Vielen Dank f\u00fcr Ihr Interesse an meinen Dienstleistungen.<\/p><p>Als Betreiberin der Webseite \u2018Connecting across Boundaries \u2013 Gemeinsam Grenzen \u00fcberwinden\u2019 nehme ich den Schutz Ihrer pers\u00f6nlichen Daten sehr ernst. Ich behandele Ihre personenbezogenen Daten vertraulich und entsprechend der gesetzlichen Datenschutzvorschriften sowie dieser Datenschutzerkl\u00e4rung.<\/p><p>Wenn Sie diese Website benutzen, werden verschiedene personenbezogene Daten erhoben. Personenbezogene Daten (nachfolgend auch kurz als \u201eDaten\u201c bezeichnet) sind Daten, mit denen Sie pers\u00f6nlich identifiziert werden k\u00f6nnen. Die vorliegende Datenschutzerkl\u00e4rung erl\u00e4utert, welche Daten ich als Betreiberin der Webseite erhebe. Sie erl\u00e4utert auch, wie und zu welchem Zweck das geschieht. Sie gilt f\u00fcr alle von mir durchgef\u00fchrten Verarbeitungen Ihrer Daten, sowohl im Rahmen der Erbringung meiner Leistungen als auch insbesondere auf meiner Webseite und in mobilen Applikationen.<\/p><p>Die verwendeten Begriffe sind nicht geschlechtsspezifisch.<\/p><p>Ich weise darauf hin, dass die Daten\u00fcbertragung im Internet (z.B. bei der Kommunikation per E-Mail) Sicherheitsl\u00fccken aufweisen kann. Ein l\u00fcckenloser Schutz der Daten vor dem Zugriff durch Dritte ist nicht m\u00f6glich.<\/p>\t\t\t\t\t\t\t\t<\/div>\n\t\t\t\t<div class=\"elementor-element elementor-element-d57ff78 elementor-widget elementor-widget-text-editor\" data-id=\"d57ff78\" data-element_type=\"widget\" data-widget_type=\"text-editor.default\">\n\t\t\t\t\t\t\t\t\t<p><strong>Datenerfassung<\/strong><\/p><p>Die Datenverarbeitung auf dieser Website erfolgt durch die Website-Betreiberin. Durch die Nutzung der Website erkl\u00e4ren Sie sich mit der Erhebung, Verarbeitung und Nutzung von Daten gem\u00e4\u00df der nachfolgenden Beschreibung einverstanden.<\/p><p>Daten werden zum einen dadurch erhoben, dass Sie mir mitteilen. Hierbei kann es sich z. B. um Daten handeln, die Sie in ein Kontaktformular eingeben. Andere Daten werden beim Besuch der Website durch IT- Systeme erfasst. Das sind vor allem technische Daten (z. B. Internetbrowser, Betriebssystem oder Uhrzeit des Seitenaufrufs). Die Erfassung dieser Daten erfolgt automatisch, sobald Sie diese Website betreten.<\/p><p><strong>Datennutzung<\/strong><\/p><p>Die Erhebung und Verwendung Ihrer Daten dient ausschlie\u00dflich der Erbringung und Verbesserung meiner Angebote. Ein Teil der Daten wird erhoben, um eine fehlerfreie Bereitstellung der Website zu gew\u00e4hrleisten. Andere Daten k\u00f6nnen zur Analyse Ihres Nutzerverhaltens verwendet werden. Gesetzlich geltenden L\u00f6schvorschriften werden eingehalten.<\/p><p><strong>Datenweitergabe an Dritte<\/strong><\/p><p>Grunds\u00e4tzlich verwende ich Ihre personenbezogenen Daten nur im Rahmen meiner Serviceleistung. Dritte erhalten diese Daten nur in dem Umfang, in welchem die \u00dcbermittlung f\u00fcr vereinbarte Dienstleistungen erforderlich ist (z.B. im Fall einer mit Ihnen vereinbarten Ko-Mediation).<\/p><p>Im Rahmen meiner Gesch\u00e4ftst\u00e4tigkeit arbeite ich dar\u00fcberhinaus mit verschiedenen externen Stellen zusammen. Dabei ist m\u00f6glicherweise auch eine \u00dcbermittlung von personenbezogenen Daten an diese externen Stellen erforderlich. Ich gebe personenbezogene Daten nur dann an externe Stellen weiter, wenn dies im Rahmen einer Vertragserf\u00fcllung erforderlich ist, wenn ich gesetzlich hierzu verpflichtet bin (z. B. Weitergabe von Daten an Steuerbeh\u00f6rden), wenn ich ein berechtigtes Interesse nach Art. 6 Abs. 1 lit. f DSGVO an der Weitergabe habe oder wenn eine sonstige Rechtsgrundlage die Datenweitergabe erlaubt.<\/p><p><strong>Speicherdauer<\/strong><\/p><p>Soweit innerhalb dieser Datenschutzerkl\u00e4rung keine speziellere Speicherdauer genannt wurde, verbleiben Ihre personenbezogenen Daten bei mir, bis der Zweck f\u00fcr die Datenverarbeitung entf\u00e4llt. Wenn Sie ein berechtigtes L\u00f6schersuchen geltend machen oder eine Einwilligung zur Datenverarbeitung widerrufen, werden Ihre Daten gel\u00f6scht, sofern es keine anderen rechtlich zul\u00e4ssigen Gr\u00fcnde f\u00fcr die Speicherung Ihrer personenbezogenen Daten gibt (z. B. steuer- oder handelsrechtliche Aufbewahrungsfristen); im letztgenannten Fall erfolgt die L\u00f6schung nach Fortfall dieser Gr\u00fcnde.<\/p>\t\t\t\t\t\t\t\t<\/div>\n\t\t\t\t<div class=\"elementor-element elementor-element-9fd5ab6 elementor-widget elementor-widget-text-editor\" data-id=\"9fd5ab6\" data-element_type=\"widget\" data-widget_type=\"text-editor.default\">\n\t\t\t\t\t\t\t\t\t<p><strong>Ihre Rechte als Nutzer:in<\/strong><\/p><p><u>Widerruf:<\/u>Sie haben das Recht, Ihre Einwilligung bez\u00fcglich der Erhebung von Daten jederzeit zu widerrufen. Dieses Recht gilt mit Wirkung f\u00fcr die Zukunft; die bis zur Rechtkraft des Widerrufs erhobenen Daten bleiben hiervon unber\u00fchrt.<\/p><p><u>Auskunft<\/u>: Sie haben das Recht, eine Best\u00e4tigung zu verlangen, ob und wie ich personenbezogene Daten von Ihnen beziehe. Dieses Recht ist durch die vorliegende Datenschutzerkl\u00e4rung realisiert. Zus\u00e4tzlich k\u00f6nnen Sie eine elektronische Auskunft und\/oder Kopie Ihrer von mir verarbeiteten pers\u00f6nlichen Daten per E-Mail anfordern.<\/p><p><u>Einschr\u00e4nkung der Verarbeitung<\/u>: Sie haben das Recht, die Einschr\u00e4nkung der Verarbeitung Ihrer personenbezogenen Daten zu verlangen. Wenn Sie die Verarbeitung Ihrer personenbezogenen Daten eingeschr\u00e4nkt haben, d\u00fcrfen diese Daten \u2013 von ihrer Speicherung abgesehen \u2013 nur mit Ihrer Einwilligung oder zur Geltendmachung, Aus\u00fcbung oder Verteidigung von Rechtsanspr\u00fcchen oder zum Schutz der Rechte einer anderen nat\u00fcrlichen oder juristischen Person oder aus Gr\u00fcnden eines wichtigen \u00f6ffentlichen Interesses der Europ\u00e4ischen Union oder eines Mitgliedstaats verarbeitet werden.<\/p><p><u>Berichtigung, L\u00f6schung oder Sperrung<\/u>:  Sie haben das Recht, Ihre Daten berichtigen, l\u00f6schen oder sperren zu lassen.<\/p><p><u>Daten\u00fcbertragbarkeit<\/u>: Sie haben das Recht, Daten, die ich auf Grundlage Ihrer Einwilligung oder in Erf\u00fcllung eines Vertrags automatisiert verarbeite, an sich oder an einen Dritten in einem g\u00e4ngigen, maschinenlesbaren Format aush\u00e4ndigen zu lassen. Sofern Sie die direkte \u00dcbertragung der Daten an einen anderen Verantwortlichen verlangen, erfolgt dies nur, soweit es technisch machbar ist.<\/p><p>Wenn Sie von einem oder mehreren dieser Rechte Gebrauch machen m\u00f6chten, schicken Sie mir bitte eine E-Mail an doris.basler [at] outlook.com.<\/p><p><strong>Beschwerderecht bei der zust\u00e4ndigen Aufsichtsbeh\u00f6rde<\/strong><\/p><p>Wenn Sie der Ansicht sind, dass die Verarbeitung der Sie betreffenden personenbezogenen Daten rechtswidrig ist, steht Ihnen ein Beschwerderecht bei einer Aufsichtsbeh\u00f6rde, insbesondere in dem Mitgliedstaat Ihres gew\u00f6hnlichen Aufenthalts, Ihres Arbeitsplatzes oder des Orts des mutma\u00dflichen Versto\u00dfes zu. Das Beschwerderecht besteht unbeschadet anderweitiger verwaltungsrechtlicher oder gerichtlicher Rechtsbehelfe.<\/p>\t\t\t\t\t\t\t\t<\/div>\n\t\t\t\t<div class=\"elementor-element elementor-element-bae233b elementor-widget elementor-widget-text-editor\" data-id=\"bae233b\" data-element_type=\"widget\" data-widget_type=\"text-editor.default\">\n\t\t\t\t\t\t\t\t\t<p><strong><span style=\"font-size: 18px;\">Externes Hosting<\/span><\/strong><\/p><p><span style=\"font-size: 18px;\">Diese Website wird extern gehostet. Die personenbezogenen Daten, die auf dieser Website erfasst werden, werden auf den Servern des Hosters gespeichert. Hierbei kann es sich v. a. um IP-Adressen, Kontaktanfragen, Meta- und Kommunikationsdaten, Vertragsdaten, Kontaktdaten, Namen, Websitezugriffe und sonstige Daten, die \u00fcber eine Website generiert werden, handeln. Das externe Hosting erfolgt zum Zwecke der Vertragserf\u00fcllung gegen\u00fcber meinen potenziellen und bestehenden Kunden (Art. 6 Abs. 1 lit. b DSGVO) und im Interesse einer sicheren, schnellen und effizienten Bereitstellung meines Online-Angebots durch einen professionellen Anbieter (Art. 6 Abs. 1 lit. f DSGVO). Sofern eine entsprechende Einwilligung abgefragt wurde, erfolgt die Verarbeitung ausschlie\u00dflich auf Grundlage von Art. 6 Abs. 1 lit. a DSGVO und \u00a7 25 Abs. 1 TTDSG, soweit die Einwilligung die Speicherung von Cookies oder den Zugriff auf Informationen im Endger\u00e4t des Nutzers (z. B. Device-Fingerprinting) im Sinne des TTDSG umfasst. Die Einwilligung ist jederzeit widerrufbar. Der externe Hoster wird Ihre Daten nur insoweit verarbeiten, wie dies zur Erf\u00fcllung seiner Leistungspflichten erforderlich ist und die Weisungen der Webseiten-Betreiberin in Bezug auf diese Daten befolgen.<\/span><\/p><p class=\"MsoNormal\"><span lang=\"EN-US\">Als Betreiberin der Webseite nutze ich folgenden Hoster:<\/span><\/p><p class=\"MsoNormal\"><span lang=\"DE\">Hostinger International Ltd., Private Limited Company (Zypern)<br \/>61 Lordou Vironos Str.<br \/>6023 Larnaca, Zypern<\/span><\/p><p class=\"MsoNormal\"><b><span lang=\"EN-US\">Weitere Hinweise zu Verarbeitungsprozessen, Verfahren und Diensten<\/span><\/b><\/p><p class=\"MsoNormal\"><span lang=\"EN-US\">Ich benutze f\u00fcr meine Webseite das Webseite Baukastensystem von WordPress. Es wird zur Verf\u00fcgung gestellt von der WordPress Foundation, 660 4th Street, Box 119, San Francisco, CA 94107, USA.<\/span><\/p><p class=\"MsoNormal\"><b><span lang=\"EN-US\">Plugins und Tools<\/span><\/b><\/p><p class=\"MsoNormal\"><u><span lang=\"EN-US\">All In One SEO<\/span><\/u><span lang=\"EN-US\">. All in One SEO ist ein WordPress Plugin, durch welches sich das SEO von WordPress Seiten optimieren l\u00e4sst. Der Service wird von der Semper Plugins LLC, West Palm Beach, Florida, Vereinigte Staaten, angeboten. All in One SEO versichert, dass sie keine personenbezogenen Daten sammeln und DSGVO-konform sind. Mehr k\u00f6nnen Sie hier nachlesen. Die Datenverarbeitung erfolgt auf Grundlage von Art. 6 Abs. 1 lit. f DSGVO.rkl\u00e4rung von TranslatePress finden Sie <a href=\"https:\/\/aioseo.com\/faqs\/#:~:text=Is%20All%20in%20One%20SEO%20compliant%20with%20GDPR%3F,covered%20in%20the%20GDPR%20regulation.\">hier<\/a>. Die Datenverarbeitung erfolgt auf Grundlage von Art. 6 Abs. 1 lit. f DSGVO.<\/span><\/p><p class=\"MsoNormal\"><u><span lang=\"EN-US\">TranslatePress<\/span><\/u><span lang=\"EN-US\">. TranslatePRess ist ein WordPRess Plugin, mit dem mehrsprachige Webseiten \u00fcber einen visuellen Editor im Frontend erstellt werden k\u00f6nnen. Es unterst\u00fctzt sowohl manuelle \u00dcbersetzungen als auch automatische KI-gest\u00fctzte Dienste wie DeepL und Google Translate. Die \u00dcbersetzungen (Englisch-Deutsch) auf meiner Website wurden manuell erstellt. Weitere Informationen zur Datenschutzerkl\u00e4rung von TranslatePress finden Sie <a href=\"https:\/\/translatepress.com\/privacy-policy\/\">hier<\/a>.<\/span><\/p><p class=\"MsoNormal\"><u><span lang=\"EN-US\">Google Fonts<\/span><\/u><span lang=\"EN-US\">Weitere Informationen zu Google Fonts finden Sie <a href=\"https:\/\/developers.google.com\/fonts\/faq\">hier<\/a> und in Google's <a href=\"https:\/\/policies.google.com\/privacy?hl=de\">Datenschutzerkl\u00e4rung.<\/a>.\u00a0<\/span><\/p>\t\t\t\t\t\t\t\t<\/div>\n\t\t\t\t<div class=\"elementor-element elementor-element-c43fc78 elementor-widget elementor-widget-text-editor\" data-id=\"c43fc78\" data-element_type=\"widget\" data-widget_type=\"text-editor.default\">\n\t\t\t\t\t\t\t\t\t<p class=\"MsoNormal\"><b><span lang=\"EN-US\">Cookies<\/span><\/b><\/p>\n<p class=\"MsoNormal\"><span lang=\"EN-US\">Meine Webseite verwendet so genannte \u201eCookies\u201c. Cookies sind kleine Datenpakete und richten auf Ihrem Endger\u00e4t keinen Schaden an. Sie werden entweder vor\u00fcbergehend f\u00fcr die Dauer einer Sitzung (Session-Cookies) oder dauerhaft (permanente Cookies) auf Ihrem Endger\u00e4t gespeichert. Session-Cookies werden nach Ende Ihres Besuchs automatisch gel\u00f6scht. Permanente Cookies bleiben auf Ihrem Endger\u00e4t gespeichert, bis Sie diese selbst l\u00f6schen oder eine automatische L\u00f6schung durch Ihren Webbrowser erfolgt. Cookies k\u00f6nnen von mir (First-Party-Cookies) oder von Drittunternehmen stammen (sog. Third-Party- Cookies). Third-Party-Cookies erm\u00f6glichen die Einbindung bestimmter Dienstleistungen von Drittunternehmen innerhalb von Webseiten (z. B. Cookies zur Abwicklung von Zahlungsdienstleistungen).<\/span><\/p>\n<p class=\"MsoNormal\"><span lang=\"EN-US\">Cookies haben verschiedene Funktionen. Zahlreiche Cookies sind technisch notwendig, da bestimmte Webseitenfunktionen ohne diese nicht funktionieren w\u00fcrden (z. B. die Warenkorbfunktion oder die Anzeige von Videos). Andere Cookies k\u00f6nnen zur Auswertung des Nutzerverhaltens oder zu Werbezwecken verwendet werden.<\/span><\/p>\n<p class=\"MsoNormal\"><span lang=\"EN-US\">Cookies, die zur Durchf\u00fchrung des elektronischen Kommunikationsvorgangs, zur Bereitstellung bestimmter, von Ihnen erw\u00fcnschter Funktionen (z. B. f\u00fcr eine Warenkorbfunktion) oder zur Optimierung der Website (z. B. Cookies zur Messung des Webpublikums) erforderlich sind (notwendige Cookies), werden auf Grundlage von Art. 6 Abs. 1 lit. f DSGVO gespeichert, sofern keine andere Rechtsgrundlage angegeben wird.<\/span><\/p><p class=\"MsoNormal\"><span style=\"font-size: 18px;\">Als Betreiberin der Webseite habe ich ein berechtigtes Interesse an der Speicherung von notwendigen Cookies zur technisch fehlerfreien und optimierten Bereitstellung meiner Dienste. Sofern eine Einwilligung zur Speicherung von Cookies und vergleichbaren Wiedererkennungstechnologien abgefragt wurde, erfolgt die Verarbeitung ausschlie\u00dflich auf Grundlage dieser Einwilligung (Art. 6 Abs. 1 lit. a DSGVO und \u00a7 25 Abs. 1 TTDSG); die Einwilligung ist jederzeit widerrufbar. Sie k\u00f6nnen Ihren Browser so einstellen, dass Sie \u00fcber das Setzen von Cookies informiert werden und Cookies nur im Einzelfall erlauben, die Annahme von Cookies f\u00fcr bestimmte F\u00e4lle oder generell ausschlie\u00dfen sowie das automatische L\u00f6schen der Cookies beim Schlie\u00dfen des Browsers aktivieren. Bei der Deaktivierung von Cookies kann die Funktionalit\u00e4t dieser Website eingeschr\u00e4nkt sein.<\/span><\/p>\t\t\t\t\t\t\t\t<\/div>\n\t\t\t\t<div class=\"elementor-element elementor-element-74f6dbb elementor-widget elementor-widget-text-editor\" data-id=\"74f6dbb\" data-element_type=\"widget\" data-widget_type=\"text-editor.default\">\n\t\t\t\t\t\t\t\t\t<p class=\"MsoNormal\"><b><span lang=\"EN-US\">Kontaktformular oder Anfragen per E-Mail\/ Telefon<\/span><\/b><\/p><p class=\"MsoNormal\"><span lang=\"EN-US\">Wenn Sie mir per Kontaktformular oder per E-Mail oder Telefon Anfragen zukommen lassen, werden die von Ihnen angegebenen Daten zwecks Bearbeitung der Anfrage und f\u00fcr den Fall von Anschlussfragen gespeichert und bearbeitet. Diese Daten gebe ich nicht ohne Ihre Einwilligung weiter.<\/span><\/p><p class=\"MsoNormal\"><span style=\"font-size: 18px;\">Die Verarbeitung dieser Daten erfolgt auf Grundlage von Art. 6 Abs. 1 lit. b DSGVO, sofern Ihre Anfrage mit der Erf\u00fcllung eines Vertrags zusammenh\u00e4ngt oder zur Durchf\u00fchrung vorvertraglicher Ma\u00dfnahmen erforderlich ist. In allen \u00fcbrigen F\u00e4llen beruht die Verarbeitung auf meinem berechtigten Interesse an der effektiven Bearbeitung der an mich gerichteten Anfragen (Art. 6 Abs. 1 lit. f DSGVO) oder auf Ihrer Einwilligung (Art. 6 Abs. 1 lit. a DSGVO) sofern diese abgefragt wurde; die Einwilligung ist jederzeit widerrufbar. Die von Ihnen im Kontaktformular eingegebenen Daten verbleiben bei mir, bis Sie mich zur L\u00f6schung auffordern, Ihre Einwilligung zur Speicherung widerrufen oder der Zweck f\u00fcr die Datenspeicherung entf\u00e4llt (z. B. nach abgeschlossener Bearbeitung Ihrer Anfrage). Zwingende gesetzliche Bestimmungen \u2013 insbesondere Aufbewahrungsfristen \u2013 bleiben unber\u00fchrt.<\/span><\/p>\t\t\t\t\t\t\t\t<\/div>\n\t\t\t\t<div class=\"elementor-element elementor-element-4b66add elementor-widget elementor-widget-text-editor\" data-id=\"4b66add\" data-element_type=\"widget\" data-widget_type=\"text-editor.default\">\n\t\t\t\t\t\t\t\t\t<p class=\"MsoNormal\"><b><span lang=\"EN-US\">Verantwortliche Stelle<\/span><\/b><\/p>\n<p class=\"MsoNormal\"><span lang=\"EN-US\">Verantwortliche Stelle ist die nat\u00fcrliche oder juristische Person, die allein oder gemeinsam mit anderen \u00fcber die Zwecke und Mittel der Verarbeitung von personenbezogenen Daten (z. B. Namen, E-Mail-Adressen o. \u00c4.) entscheidet.<\/span><\/p>\n<p class=\"MsoNormal\"><span lang=\"EN-US\">Die verantwortliche Stelle f\u00fcr die Datenverarbeitung auf dieser Website ist:<\/span><\/p>\n<p class=\"MsoNormal\"><span lang=\"DE\">Doris B\u00e4sler, B\u00f6tzowstr. 21, 10407 Berlin, Deutschland<\/span><\/p>\n<p class=\"MsoNormal\" style=\"margin-bottom: 0cm;\"><span lang=\"DE\">Telefon: +49 (0)151 27590285<\/span><\/p>\n<p class=\"MsoNormal\"><span lang=\"EN-US\">E-Mail: doris.basler [at] outlook.com<\/span><\/p>\n<p class=\"MsoNormal\"><b><span lang=\"EN-US\">Quelle der Datenschutzerkl\u00e4rung<\/span><\/b><span lang=\"EN-US\">: e-recht24.de und DGSv (angepasst an die Gegebenheiten dieser Webseite).<\/span><\/p>\n<p class=\"MsoNormal\"><b style=\"font-size: 18px;\"><span lang=\"EN-US\">Stand<\/span><\/b><span lang=\"EN-US\" style=\"font-size: 18px;\">: 3. Januar 2026<\/span><\/p>\t\t\t\t\t\t\t\t<\/div>\n\t\t\t\t\t<\/div>\n\t\t\t\t<\/div>\n\t\t\t\t<\/div>","protected":false},"excerpt":{"rendered":"<p>Data Protection Policy Thank you for your interest in my services. As the operator of the website \u2018Connecting across Boundaries \u2013 Overcoming Boundaries Together\u2019, I take the protection of your personal data very seriously. I treat your personal data confidentially and in accordance with the statutory data protection regulations and this privacy policy. When you [&hellip;]<\/p>","protected":false},"author":1,"featured_media":0,"parent":0,"menu_order":0,"comment_status":"closed","ping_status":"closed","template":"","meta":{"om_disable_all_campaigns":false,"_uag_custom_page_level_css":"","_monsterinsights_skip_tracking":false,"_monsterinsights_sitenote_active":false,"_monsterinsights_sitenote_note":"","_monsterinsights_sitenote_category":0,"ocean_post_layout":"full-screen","ocean_both_sidebars_style":"","ocean_both_sidebars_content_width":0,"ocean_both_sidebars_sidebars_width":0,"ocean_sidebar":"","ocean_second_sidebar":"","ocean_disable_margins":"enable","ocean_add_body_class":"","ocean_shortcode_before_top_bar":"","ocean_shortcode_after_top_bar":"","ocean_shortcode_before_header":"","ocean_shortcode_after_header":"","ocean_has_shortcode":"","ocean_shortcode_after_title":"","ocean_shortcode_before_footer_widgets":"","ocean_shortcode_after_footer_widgets":"","ocean_shortcode_before_footer_bottom":"","ocean_shortcode_after_footer_bottom":"","ocean_display_top_bar":"off","ocean_display_header":"default","ocean_header_style":"","ocean_center_header_left_menu":"","ocean_custom_header_template":"","ocean_custom_logo":0,"ocean_custom_retina_logo":0,"ocean_custom_logo_max_width":0,"ocean_custom_logo_tablet_max_width":0,"ocean_custom_logo_mobile_max_width":0,"ocean_custom_logo_max_height":0,"ocean_custom_logo_tablet_max_height":0,"ocean_custom_logo_mobile_max_height":0,"ocean_header_custom_menu":"","ocean_menu_typo_font_family":"","ocean_menu_typo_font_subset":"","ocean_menu_typo_font_size":0,"ocean_menu_typo_font_size_tablet":0,"ocean_menu_typo_font_size_mobile":0,"ocean_menu_typo_font_size_unit":"px","ocean_menu_typo_font_weight":"","ocean_menu_typo_font_weight_tablet":"","ocean_menu_typo_font_weight_mobile":"","ocean_menu_typo_transform":"","ocean_menu_typo_transform_tablet":"","ocean_menu_typo_transform_mobile":"","ocean_menu_typo_line_height":0,"ocean_menu_typo_line_height_tablet":0,"ocean_menu_typo_line_height_mobile":0,"ocean_menu_typo_line_height_unit":"","ocean_menu_typo_spacing":0,"ocean_menu_typo_spacing_tablet":0,"ocean_menu_typo_spacing_mobile":0,"ocean_menu_typo_spacing_unit":"","ocean_menu_link_color":"","ocean_menu_link_color_hover":"","ocean_menu_link_color_active":"","ocean_menu_link_background":"","ocean_menu_link_hover_background":"","ocean_menu_link_active_background":"","ocean_menu_social_links_bg":"","ocean_menu_social_hover_links_bg":"","ocean_menu_social_links_color":"","ocean_menu_social_hover_links_color":"","ocean_disable_title":"on","ocean_disable_heading":"default","ocean_post_title":"","ocean_post_subheading":"","ocean_post_title_style":"","ocean_post_title_background_color":"","ocean_post_title_background":0,"ocean_post_title_bg_image_position":"","ocean_post_title_bg_image_attachment":"","ocean_post_title_bg_image_repeat":"","ocean_post_title_bg_image_size":"","ocean_post_title_height":0,"ocean_post_title_bg_overlay":0.5,"ocean_post_title_bg_overlay_color":"","ocean_disable_breadcrumbs":"default","ocean_breadcrumbs_color":"","ocean_breadcrumbs_separator_color":"","ocean_breadcrumbs_links_color":"","ocean_breadcrumbs_links_hover_color":"","ocean_display_footer_widgets":"off","ocean_display_footer_bottom":"default","ocean_custom_footer_template":"","footnotes":""},"class_list":["post-289","page","type-page","status-publish","hentry","entry"],"aioseo_notices":[],"_hostinger_reach_plugin_has_subscription_block":false,"_hostinger_reach_plugin_is_elementor":false,"uagb_featured_image_src":{"full":false,"thumbnail":false,"medium":false,"medium_large":false,"large":false,"1536x1536":false,"2048x2048":false,"trp-custom-language-flag":false,"ocean-thumb-m":false,"ocean-thumb-ml":false,"ocean-thumb-l":false},"uagb_author_info":{"display_name":"doris.basler@outlook.com","author_link":"https:\/\/connecting-across-boundaries.com\/de\/author\/doris-basleroutlook-com\/"},"uagb_comment_info":0,"uagb_excerpt":"Data Protection Policy Thank you for your interest in my services. As the operator of the website \u2018Connecting across Boundaries \u2013 Overcoming Boundaries Together\u2019, I take the protection of your personal data very seriously. I treat your personal data confidentially and in accordance with the statutory data protection regulations and this privacy policy. When you&hellip;","_links":{"self":[{"href":"https:\/\/connecting-across-boundaries.com\/de\/wp-json\/wp\/v2\/pages\/289","targetHints":{"allow":["GET"]}}],"collection":[{"href":"https:\/\/connecting-across-boundaries.com\/de\/wp-json\/wp\/v2\/pages"}],"about":[{"href":"https:\/\/connecting-across-boundaries.com\/de\/wp-json\/wp\/v2\/types\/page"}],"author":[{"embeddable":true,"href":"https:\/\/connecting-across-boundaries.com\/de\/wp-json\/wp\/v2\/users\/1"}],"replies":[{"embeddable":true,"href":"https:\/\/connecting-across-boundaries.com\/de\/wp-json\/wp\/v2\/comments?post=289"}],"version-history":[{"count":7,"href":"https:\/\/connecting-across-boundaries.com\/de\/wp-json\/wp\/v2\/pages\/289\/revisions"}],"predecessor-version":[{"id":949,"href":"https:\/\/connecting-across-boundaries.com\/de\/wp-json\/wp\/v2\/pages\/289\/revisions\/949"}],"wp:attachment":[{"href":"https:\/\/connecting-across-boundaries.com\/de\/wp-json\/wp\/v2\/media?parent=289"}],"curies":[{"name":"wp","href":"https:\/\/api.w.org\/{rel}","templated":true}]}}