{"id":435,"date":"2025-12-31T16:17:23","date_gmt":"2025-12-31T16:17:23","guid":{"rendered":"https:\/\/connecting-across-boundaries.com\/?page_id=435"},"modified":"2026-01-13T19:23:39","modified_gmt":"2026-01-13T19:23:39","slug":"contact","status":"publish","type":"page","link":"https:\/\/connecting-across-boundaries.com\/de\/contact\/","title":{"rendered":"Kontakt"},"content":{"rendered":"<div data-elementor-type=\"wp-page\" data-elementor-id=\"435\" class=\"elementor elementor-435\">\n\t\t\t\t<div class=\"elementor-element elementor-element-daad2c4 e-flex e-con-boxed e-con e-parent\" data-id=\"daad2c4\" data-element_type=\"container\">\n\t\t\t\t\t<div class=\"e-con-inner\">\n\t\t\t\t<div class=\"elementor-element elementor-element-c34215d elementor-widget elementor-widget-image\" data-id=\"c34215d\" data-element_type=\"widget\" data-widget_type=\"image.default\">\n\t\t\t\t\t\t\t\t\t\t\t\t\t\t\t<img fetchpriority=\"high\" decoding=\"async\" width=\"1024\" height=\"445\" src=\"https:\/\/connecting-across-boundaries.com\/wp-content\/uploads\/2026\/01\/contact-form-picture-compressed-1024x445.jpg\" class=\"attachment-large size-large wp-image-475\" alt=\"view of a mountain lanscape with some rugged soummits in the back\" srcset=\"https:\/\/connecting-across-boundaries.com\/wp-content\/uploads\/2026\/01\/contact-form-picture-compressed-1024x445.jpg 1024w, https:\/\/connecting-across-boundaries.com\/wp-content\/uploads\/2026\/01\/contact-form-picture-compressed-300x131.jpg 300w, https:\/\/connecting-across-boundaries.com\/wp-content\/uploads\/2026\/01\/contact-form-picture-compressed-768x334.jpg 768w, https:\/\/connecting-across-boundaries.com\/wp-content\/uploads\/2026\/01\/contact-form-picture-compressed-1536x668.jpg 1536w, https:\/\/connecting-across-boundaries.com\/wp-content\/uploads\/2026\/01\/contact-form-picture-compressed-18x8.jpg 18w, https:\/\/connecting-across-boundaries.com\/wp-content\/uploads\/2026\/01\/contact-form-picture-compressed.jpg 1554w\" sizes=\"(max-width: 1024px) 100vw, 1024px\" \/>\t\t\t\t\t\t\t\t\t\t\t\t\t\t\t<\/div>\n\t\t\t\t\t<\/div>\n\t\t\t\t<\/div>\n\t\t<div class=\"elementor-element elementor-element-9373809 e-flex e-con-boxed e-con e-parent\" data-id=\"9373809\" data-element_type=\"container\">\n\t\t\t\t\t<div class=\"e-con-inner\">\n\t\t\t\t<div class=\"elementor-element elementor-element-0a9c606 elementor-widget elementor-widget-heading\" data-id=\"0a9c606\" data-element_type=\"widget\" data-widget_type=\"heading.default\">\n\t\t\t\t\t<h2 class=\"elementor-heading-title elementor-size-default\">Kontakt<\/h2>\t\t\t\t<\/div>\n\t\t<div class=\"elementor-element elementor-element-d7b4936 e-con-full e-flex e-con e-child\" data-id=\"d7b4936\" data-element_type=\"container\">\n\t\t\t\t<div class=\"elementor-element elementor-element-fc795e3 elementor-widget__width-initial elementor-widget-mobile__width-initial elementor-widget elementor-widget-text-editor\" data-id=\"fc795e3\" data-element_type=\"widget\" data-widget_type=\"text-editor.default\">\n\t\t\t\t\t\t\t\t\t<p>Wenn Sie mir lieber direkt eine E-Mail senden m\u00f6chten, anstatt dieses Kontaktformular zu verwenden, schreiben Sie bitte an <b>doris.basler [at] outlook.com<\/b>oder scannen Sie einfach den QR-Code.<\/p>\t\t\t\t\t\t\t\t<\/div>\n\t\t\t\t<div class=\"elementor-element elementor-element-67c1439 elementor-widget elementor-widget-image\" data-id=\"67c1439\" data-element_type=\"widget\" data-widget_type=\"image.default\">\n\t\t\t\t\t\t\t\t\t\t\t\t\t\t\t<img decoding=\"async\" src=\"https:\/\/connecting-across-boundaries.com\/wp-content\/uploads\/elementor\/thumbs\/QR-code-rhlwodtnqfb1aj28uet3b0zai8op6rjtcybpjxhmmo.png\" title=\"QR code\" alt=\"QR code\" loading=\"lazy\" \/>\t\t\t\t\t\t\t\t\t\t\t\t\t\t\t<\/div>\n\t\t\t\t<\/div>\n\t\t\t\t\t<\/div>\n\t\t\t\t<\/div>\n\t\t<div class=\"elementor-element elementor-element-5146bda e-flex e-con-boxed e-con e-parent\" data-id=\"5146bda\" data-element_type=\"container\">\n\t\t\t\t\t<div class=\"e-con-inner\">\n\t\t<div class=\"elementor-element elementor-element-7dc6fb7 e-con-full e-flex e-con e-child\" data-id=\"7dc6fb7\" data-element_type=\"container\">\n\t\t\t\t<div class=\"elementor-element elementor-element-2230bf6 elementor-widget elementor-widget-wpforms\" data-id=\"2230bf6\" data-element_type=\"widget\" data-widget_type=\"wpforms.default\">\n\t\t\t\t<div class=\"elementor-widget-container\">\n\t\t\t\t\t<style id=\"wpforms-css-vars-elementor-widget-2230bf6\">\n\t\t\t\t.elementor-widget-wpforms.elementor-element-2230bf6 {\n\t\t\t\t--wpforms-background-url: url( https:\/\/connecting-across-boundaries.com\/wp-content\/plugins\/elementor\/assets\/images\/placeholder.png );\n--wpforms-button-background-color: #C00000;\n\t\t\t}\n\t\t\t<\/style><div class=\"wpforms-container wpforms-container-full wpforms-render-modern\" id=\"wpforms-452\"><form id=\"wpforms-form-452\" class=\"wpforms-validate wpforms-form wpforms-ajax-form\" data-formid=\"452\" method=\"post\" enctype=\"multipart\/form-data\" action=\"\/de\/wp-json\/wp\/v2\/pages\/435\" data-token=\"da55376fe0dbec98b025ed42fe664210\" data-token-time=\"1775680750\" data-trp-original-action=\"\/de\/wp-json\/wp\/v2\/pages\/435\"><noscript class=\"wpforms-error-noscript\">Bitte aktiviere JavaScript in deinem Browser, um dieses Formular fertigzustellen.<\/noscript><div id=\"wpforms-error-noscript\" style=\"display: none;\">Bitte aktiviere JavaScript in deinem Browser, um dieses Formular fertigzustellen.<\/div><div class=\"wpforms-field-container\"><div id=\"wpforms-452-field_1-container\" class=\"wpforms-field wpforms-field-name\" data-field-id=\"1\"><label class=\"wpforms-field-label\" for=\"wpforms-452-field_1\">Name <span class=\"wpforms-required-label\" aria-hidden=\"true\">*<\/span><\/label><input type=\"text\" id=\"wpforms-452-field_1\" class=\"wpforms-field-medium wpforms-field-required\" name=\"wpforms[fields][1]\" aria-errormessage=\"wpforms-452-field_1-error\" required><\/div><div id=\"wpforms-452-field_2-container\" class=\"wpforms-field wpforms-field-email\" data-field-id=\"2\"><label class=\"wpforms-field-label\" for=\"wpforms-452-field_2\">E-Mail Adresse <span class=\"wpforms-required-label\" aria-hidden=\"true\">*<\/span><\/label><input type=\"email\" id=\"wpforms-452-field_2\" class=\"wpforms-field-medium wpforms-field-required\" name=\"wpforms[fields][2]\" spellcheck=\"false\" aria-errormessage=\"wpforms-452-field_2-error\" required><\/div><div id=\"wpforms-452-field_8-container\" class=\"wpforms-field wpforms-field-number\" data-field-id=\"8\"><label class=\"wpforms-field-label\" for=\"wpforms-452-field_8\">Telefonnummer<\/label><input type=\"number\" id=\"wpforms-452-field_8\" class=\"wpforms-field-medium\" name=\"wpforms[fields][8]\" step=\"any\" aria-errormessage=\"wpforms-452-field_8-error\" ><\/div>\t\t<div id=\"wpforms-452-field_5-container\"\n\t\t\tclass=\"wpforms-field wpforms-field-text\"\n\t\t\tdata-field-type=\"text\"\n\t\t\tdata-field-id=\"5\"\n\t\t\t>\n\t\t\t<label class=\"wpforms-field-label\" for=\"wpforms-452-field_5\" >Number Name Telephone<\/label>\n\t\t\t<input type=\"text\" id=\"wpforms-452-field_5\" class=\"wpforms-field-medium\" name=\"wpforms[fields][5]\" >\n\t\t<\/div>\n\t\t<div id=\"wpforms-452-field_3-container\" class=\"wpforms-field wpforms-field-textarea\" data-field-id=\"3\"><label class=\"wpforms-field-label\" for=\"wpforms-452-field_3\">Nachricht <span class=\"wpforms-required-label\" aria-hidden=\"true\">*<\/span><\/label><textarea id=\"wpforms-452-field_3\" class=\"wpforms-field-medium wpforms-field-required\" name=\"wpforms[fields][3]\" aria-errormessage=\"wpforms-452-field_3-error\" required><\/textarea><\/div><div id=\"wpforms-452-field_4-container\" class=\"wpforms-field wpforms-field-checkbox\" data-field-id=\"4\"><fieldset><legend class=\"wpforms-field-label\">Datenschutz <span class=\"wpforms-required-label\" aria-hidden=\"true\">*<\/span><\/legend><ul id=\"wpforms-452-field_4\" class=\"wpforms-field-required\"><li class=\"choice-1 depth-1\"><input type=\"checkbox\" id=\"wpforms-452-field_4_1\" name=\"wpforms[fields][4][]\" value=\"I consent to my data being used and stored by the operator of this website in line with the data protection guidance provided on this site.\" aria-errormessage=\"wpforms-452-field_4_1-error\" required><label class=\"wpforms-field-label-inline\" for=\"wpforms-452-field_4_1\">Ich stimme zu, dass meine pers\u00f6nlichen Daten von der Betreiberin dieser Webseite gem\u00e4\u00df der auf dieser Seite bereitgestellten Datenschutzerkl\u00e4rung genutzt und gespeichert werden d\u00fcrfen.<\/label><\/li><\/ul><\/fieldset><\/div><script>\n\t\t\t\t( function() {\n\t\t\t\t\tconst style = document.createElement( 'style' );\n\t\t\t\t\tstyle.appendChild( document.createTextNode( '#wpforms-452-field_5-container { position: absolute !important; overflow: hidden !important; display: inline !important; height: 1px !important; width: 1px !important; z-index: -1000 !important; padding: 0 !important; } #wpforms-452-field_5-container input { visibility: hidden; } #wpforms-conversational-form-page #wpforms-452-field_5-container label { counter-increment: none; }' ) );\n\t\t\t\t\tdocument.head.appendChild( style );\n\t\t\t\t\tdocument.currentScript?.remove();\n\t\t\t\t} )();\n\t\t\t<\/script><\/div><!-- .wpforms-field-container --><div class=\"wpforms-submit-container\" ><input type=\"hidden\" name=\"wpforms[id]\" value=\"452\"><input type=\"hidden\" name=\"page_title\" value=\"\"><input type=\"hidden\" name=\"page_url\" value=\"https:\/\/connecting-across-boundaries.com\/de\/wp-json\/wp\/v2\/pages\/435\"><input type=\"hidden\" name=\"url_referer\" value=\"\"><button type=\"submit\" name=\"wpforms[submit]\" id=\"wpforms-submit-452\" class=\"wpforms-submit\" data-alt-text=\"Sending...\" data-submit-text=\"Send\" aria-live=\"assertive\" value=\"wpforms-submit\">Senden<\/button><img decoding=\"async\" src=\"https:\/\/connecting-across-boundaries.com\/wp-content\/plugins\/wpforms-lite\/assets\/images\/submit-spin.svg\" class=\"wpforms-submit-spinner\" style=\"display: none;\" width=\"26\" height=\"26\" alt=\"Wird geladen\"><\/div><input type=\"hidden\" name=\"trp-form-language\" value=\"de\"\/><\/form><\/div>  <!-- .wpforms-container -->\t\t\t\t<\/div>\n\t\t\t\t<\/div>\n\t\t\t\t<\/div>\n\t\t\t\t\t<\/div>\n\t\t\t\t<\/div>\n\t\t\t\t<\/div>","protected":false},"excerpt":{"rendered":"<p>Let&#8217;s Connect! If you would like to directly email me, rather than to use this contact form, please write to doris.basler [at] outlook.com, or simply scan the QR Code. Bitte aktiviere JavaScript in deinem Browser, um dieses Formular fertigzustellen.Bitte aktiviere JavaScript in deinem Browser, um dieses Formular fertigzustellen.Name *Email *Telephone NumberMessage * Data Protection * [&hellip;]<\/p>","protected":false},"author":1,"featured_media":0,"parent":0,"menu_order":0,"comment_status":"closed","ping_status":"closed","template":"","meta":{"om_disable_all_campaigns":false,"_uag_custom_page_level_css":"","_monsterinsights_skip_tracking":false,"_monsterinsights_sitenote_active":false,"_monsterinsights_sitenote_note":"","_monsterinsights_sitenote_category":0,"ocean_post_layout":"full-screen","ocean_both_sidebars_style":"","ocean_both_sidebars_content_width":0,"ocean_both_sidebars_sidebars_width":0,"ocean_sidebar":"","ocean_second_sidebar":"","ocean_disable_margins":"enable","ocean_add_body_class":"","ocean_shortcode_before_top_bar":"","ocean_shortcode_after_top_bar":"","ocean_shortcode_before_header":"","ocean_shortcode_after_header":"","ocean_has_shortcode":"","ocean_shortcode_after_title":"","ocean_shortcode_before_footer_widgets":"","ocean_shortcode_after_footer_widgets":"","ocean_shortcode_before_footer_bottom":"","ocean_shortcode_after_footer_bottom":"","ocean_display_top_bar":"off","ocean_display_header":"default","ocean_header_style":"","ocean_center_header_left_menu":"","ocean_custom_header_template":"","ocean_custom_logo":0,"ocean_custom_retina_logo":0,"ocean_custom_logo_max_width":0,"ocean_custom_logo_tablet_max_width":0,"ocean_custom_logo_mobile_max_width":0,"ocean_custom_logo_max_height":0,"ocean_custom_logo_tablet_max_height":0,"ocean_custom_logo_mobile_max_height":0,"ocean_header_custom_menu":"","ocean_menu_typo_font_family":"","ocean_menu_typo_font_subset":"","ocean_menu_typo_font_size":0,"ocean_menu_typo_font_size_tablet":0,"ocean_menu_typo_font_size_mobile":0,"ocean_menu_typo_font_size_unit":"px","ocean_menu_typo_font_weight":"","ocean_menu_typo_font_weight_tablet":"","ocean_menu_typo_font_weight_mobile":"","ocean_menu_typo_transform":"","ocean_menu_typo_transform_tablet":"","ocean_menu_typo_transform_mobile":"","ocean_menu_typo_line_height":0,"ocean_menu_typo_line_height_tablet":0,"ocean_menu_typo_line_height_mobile":0,"ocean_menu_typo_line_height_unit":"","ocean_menu_typo_spacing":0,"ocean_menu_typo_spacing_tablet":0,"ocean_menu_typo_spacing_mobile":0,"ocean_menu_typo_spacing_unit":"","ocean_menu_link_color":"","ocean_menu_link_color_hover":"","ocean_menu_link_color_active":"","ocean_menu_link_background":"","ocean_menu_link_hover_background":"","ocean_menu_link_active_background":"","ocean_menu_social_links_bg":"","ocean_menu_social_hover_links_bg":"","ocean_menu_social_links_color":"","ocean_menu_social_hover_links_color":"","ocean_disable_title":"on","ocean_disable_heading":"default","ocean_post_title":"","ocean_post_subheading":"","ocean_post_title_style":"","ocean_post_title_background_color":"","ocean_post_title_background":0,"ocean_post_title_bg_image_position":"","ocean_post_title_bg_image_attachment":"","ocean_post_title_bg_image_repeat":"","ocean_post_title_bg_image_size":"","ocean_post_title_height":0,"ocean_post_title_bg_overlay":0.5,"ocean_post_title_bg_overlay_color":"","ocean_disable_breadcrumbs":"default","ocean_breadcrumbs_color":"","ocean_breadcrumbs_separator_color":"","ocean_breadcrumbs_links_color":"","ocean_breadcrumbs_links_hover_color":"","ocean_display_footer_widgets":"off","ocean_display_footer_bottom":"off","ocean_custom_footer_template":"","footnotes":""},"class_list":["post-435","page","type-page","status-publish","hentry","entry"],"aioseo_notices":[],"_hostinger_reach_plugin_has_subscription_block":false,"_hostinger_reach_plugin_is_elementor":false,"uagb_featured_image_src":{"full":false,"thumbnail":false,"medium":false,"medium_large":false,"large":false,"1536x1536":false,"2048x2048":false,"trp-custom-language-flag":false,"ocean-thumb-m":false,"ocean-thumb-ml":false,"ocean-thumb-l":false},"uagb_author_info":{"display_name":"doris.basler@outlook.com","author_link":"https:\/\/connecting-across-boundaries.com\/de\/author\/doris-basleroutlook-com\/"},"uagb_comment_info":0,"uagb_excerpt":"Let&#8217;s Connect! If you would like to directly email me, rather than to use this contact form, please write to doris.basler [at] outlook.com, or simply scan the QR Code. Bitte aktiviere JavaScript in deinem Browser, um dieses Formular fertigzustellen.Bitte aktiviere JavaScript in deinem Browser, um dieses Formular fertigzustellen.Name *Email *Telephone NumberMessage * Data Protection *&hellip;","_links":{"self":[{"href":"https:\/\/connecting-across-boundaries.com\/de\/wp-json\/wp\/v2\/pages\/435","targetHints":{"allow":["GET"]}}],"collection":[{"href":"https:\/\/connecting-across-boundaries.com\/de\/wp-json\/wp\/v2\/pages"}],"about":[{"href":"https:\/\/connecting-across-boundaries.com\/de\/wp-json\/wp\/v2\/types\/page"}],"author":[{"embeddable":true,"href":"https:\/\/connecting-across-boundaries.com\/de\/wp-json\/wp\/v2\/users\/1"}],"replies":[{"embeddable":true,"href":"https:\/\/connecting-across-boundaries.com\/de\/wp-json\/wp\/v2\/comments?post=435"}],"version-history":[{"count":73,"href":"https:\/\/connecting-across-boundaries.com\/de\/wp-json\/wp\/v2\/pages\/435\/revisions"}],"predecessor-version":[{"id":1658,"href":"https:\/\/connecting-across-boundaries.com\/de\/wp-json\/wp\/v2\/pages\/435\/revisions\/1658"}],"wp:attachment":[{"href":"https:\/\/connecting-across-boundaries.com\/de\/wp-json\/wp\/v2\/media?parent=435"}],"curies":[{"name":"wp","href":"https:\/\/api.w.org\/{rel}","templated":true}]}}